{"id":4,"date":"2022-08-22T10:40:57","date_gmt":"2022-08-22T10:40:57","guid":{"rendered":"https:\/\/seksi-treffit.fi\/live\/home"},"modified":"2026-03-18T04:28:48","modified_gmt":"2026-03-18T04:28:48","slug":"home","status":"publish","type":"page","link":"https:\/\/eskorter.no\/nakne-damer\/","title":{"rendered":"Home"},"content":{"rendered":"","protected":false},"excerpt":{"rendered":"<p> [&#8230;]<\/p>\n<p><a class=\"btn btn-primary wplc-read-more-link\" href=\"https:\/\/eskorter.no\/nakne-damer\/\">Les mer&#8230;<\/a><\/p>\n","protected":false},"author":1,"featured_media":0,"parent":0,"menu_order":0,"comment_status":"closed","ping_status":"closed","template":"template-home.php","meta":{"footnotes":""},"class_list":["post-4","page","type-page","status-publish","hentry"],"yoast_head":"<!-- This site is optimized with the Yoast SEO plugin v26.9 - https:\/\/yoast.com\/product\/yoast-seo-wordpress\/ -->\n<title>Nakne Damer \u2013 Se Erotiske Profiler &amp; Erotiske M\u00f8ter<\/title>\n<meta name=\"description\" content=\"Se nakne damer og utforsk erotiske kontaktannonser. Finn k\u00e5te kvinner n\u00e6r deg og opplev spennende m\u00f8ter med ekte profiler online.\" \/>\n<meta name=\"robots\" content=\"index, follow, max-snippet:-1, max-image-preview:large, max-video-preview:-1\" \/>\n<link rel=\"canonical\" href=\"https:\/\/eskorter.no\/nakne-damer\/\" \/>\n<meta property=\"og:locale\" content=\"nb_NO\" \/>\n<meta property=\"og:type\" content=\"article\" \/>\n<meta property=\"og:title\" content=\"Nakne Damer \u2013 Se Erotiske Profiler &amp; Erotiske M\u00f8ter\" \/>\n<meta property=\"og:description\" content=\"Se nakne damer og utforsk erotiske kontaktannonser. Finn k\u00e5te kvinner n\u00e6r deg og opplev spennende m\u00f8ter med ekte profiler online.\" \/>\n<meta property=\"og:url\" content=\"https:\/\/eskorter.no\/nakne-damer\/\" \/>\n<meta property=\"og:site_name\" content=\"Nakne Damer\" \/>\n<meta property=\"article:modified_time\" content=\"2026-03-18T04:28:48+00:00\" \/>\n<meta name=\"twitter:card\" content=\"summary_large_image\" \/>\n<script type=\"application\/ld+json\" class=\"yoast-schema-graph\">{\"@context\":\"https:\/\/schema.org\",\"@graph\":[{\"@type\":\"WebPage\",\"@id\":\"https:\/\/eskorter.no\/nakne-damer\/\",\"url\":\"https:\/\/eskorter.no\/nakne-damer\/\",\"name\":\"Nakne Damer \u2013 Se Erotiske Profiler & Erotiske M\u00f8ter\",\"isPartOf\":{\"@id\":\"\/#website\"},\"datePublished\":\"2022-08-22T10:40:57+00:00\",\"dateModified\":\"2026-03-18T04:28:48+00:00\",\"description\":\"Se nakne damer og utforsk erotiske kontaktannonser. Finn k\u00e5te kvinner n\u00e6r deg og opplev spennende m\u00f8ter med ekte profiler online.\",\"breadcrumb\":{\"@id\":\"https:\/\/eskorter.no\/nakne-damer\/#breadcrumb\"},\"inLanguage\":\"nb-NO\",\"potentialAction\":[{\"@type\":\"ReadAction\",\"target\":[\"https:\/\/eskorter.no\/nakne-damer\/\"]}]},{\"@type\":\"BreadcrumbList\",\"@id\":\"https:\/\/eskorter.no\/nakne-damer\/#breadcrumb\",\"itemListElement\":[{\"@type\":\"ListItem\",\"position\":1,\"name\":\"Home\",\"item\":\"https:\/\/eskorter.no\/nakne-damer\/\"},{\"@type\":\"ListItem\",\"position\":2,\"name\":\"Home\"}]},{\"@type\":\"WebSite\",\"@id\":\"\/#website\",\"url\":\"\/\",\"name\":\"Nakne Damer\",\"description\":\"\",\"publisher\":{\"@id\":\"\/#organization\"},\"potentialAction\":[{\"@type\":\"SearchAction\",\"target\":{\"@type\":\"EntryPoint\",\"urlTemplate\":\"\/?s={search_term_string}\"},\"query-input\":{\"@type\":\"PropertyValueSpecification\",\"valueRequired\":true,\"valueName\":\"search_term_string\"}}],\"inLanguage\":\"nb-NO\"},{\"@type\":\"Organization\",\"@id\":\"\/#organization\",\"name\":\"Nakne Damer\",\"url\":\"\/\",\"logo\":{\"@type\":\"ImageObject\",\"inLanguage\":\"nb-NO\",\"@id\":\"\/#\/schema\/logo\/image\/\",\"url\":\"https:\/\/eskorter.no\/nakne-damer\/wp-content\/uploads\/sites\/2\/2025\/06\/logo-1.png\",\"contentUrl\":\"https:\/\/eskorter.no\/nakne-damer\/wp-content\/uploads\/sites\/2\/2025\/06\/logo-1.png\",\"width\":666,\"height\":150,\"caption\":\"Nakne Damer\"},\"image\":{\"@id\":\"\/#\/schema\/logo\/image\/\"}}]}<\/script>\n<!-- \/ Yoast SEO plugin. -->","yoast_head_json":{"title":"Nakne Damer \u2013 Se Erotiske Profiler & Erotiske M\u00f8ter","description":"Se nakne damer og utforsk erotiske kontaktannonser. Finn k\u00e5te kvinner n\u00e6r deg og opplev spennende m\u00f8ter med ekte profiler online.","robots":{"index":"index","follow":"follow","max-snippet":"max-snippet:-1","max-image-preview":"max-image-preview:large","max-video-preview":"max-video-preview:-1"},"canonical":"https:\/\/eskorter.no\/nakne-damer\/","og_locale":"nb_NO","og_type":"article","og_title":"Nakne Damer \u2013 Se Erotiske Profiler & Erotiske M\u00f8ter","og_description":"Se nakne damer og utforsk erotiske kontaktannonser. Finn k\u00e5te kvinner n\u00e6r deg og opplev spennende m\u00f8ter med ekte profiler online.","og_url":"https:\/\/eskorter.no\/nakne-damer\/","og_site_name":"Nakne Damer","article_modified_time":"2026-03-18T04:28:48+00:00","twitter_card":"summary_large_image","schema":{"@context":"https:\/\/schema.org","@graph":[{"@type":"WebPage","@id":"https:\/\/eskorter.no\/nakne-damer\/","url":"https:\/\/eskorter.no\/nakne-damer\/","name":"Nakne Damer \u2013 Se Erotiske Profiler & Erotiske M\u00f8ter","isPartOf":{"@id":"\/#website"},"datePublished":"2022-08-22T10:40:57+00:00","dateModified":"2026-03-18T04:28:48+00:00","description":"Se nakne damer og utforsk erotiske kontaktannonser. Finn k\u00e5te kvinner n\u00e6r deg og opplev spennende m\u00f8ter med ekte profiler online.","breadcrumb":{"@id":"https:\/\/eskorter.no\/nakne-damer\/#breadcrumb"},"inLanguage":"nb-NO","potentialAction":[{"@type":"ReadAction","target":["https:\/\/eskorter.no\/nakne-damer\/"]}]},{"@type":"BreadcrumbList","@id":"https:\/\/eskorter.no\/nakne-damer\/#breadcrumb","itemListElement":[{"@type":"ListItem","position":1,"name":"Home","item":"https:\/\/eskorter.no\/nakne-damer\/"},{"@type":"ListItem","position":2,"name":"Home"}]},{"@type":"WebSite","@id":"\/#website","url":"\/","name":"Nakne Damer","description":"","publisher":{"@id":"\/#organization"},"potentialAction":[{"@type":"SearchAction","target":{"@type":"EntryPoint","urlTemplate":"\/?s={search_term_string}"},"query-input":{"@type":"PropertyValueSpecification","valueRequired":true,"valueName":"search_term_string"}}],"inLanguage":"nb-NO"},{"@type":"Organization","@id":"\/#organization","name":"Nakne Damer","url":"\/","logo":{"@type":"ImageObject","inLanguage":"nb-NO","@id":"\/#\/schema\/logo\/image\/","url":"https:\/\/eskorter.no\/nakne-damer\/wp-content\/uploads\/sites\/2\/2025\/06\/logo-1.png","contentUrl":"https:\/\/eskorter.no\/nakne-damer\/wp-content\/uploads\/sites\/2\/2025\/06\/logo-1.png","width":666,"height":150,"caption":"Nakne Damer"},"image":{"@id":"\/#\/schema\/logo\/image\/"}}]}},"_links":{"self":[{"href":"https:\/\/eskorter.no\/nakne-damer\/wp-json\/wp\/v2\/pages\/4","targetHints":{"allow":["GET"]}}],"collection":[{"href":"https:\/\/eskorter.no\/nakne-damer\/wp-json\/wp\/v2\/pages"}],"about":[{"href":"https:\/\/eskorter.no\/nakne-damer\/wp-json\/wp\/v2\/types\/page"}],"author":[{"embeddable":true,"href":"https:\/\/eskorter.no\/nakne-damer\/wp-json\/wp\/v2\/users\/1"}],"replies":[{"embeddable":true,"href":"https:\/\/eskorter.no\/nakne-damer\/wp-json\/wp\/v2\/comments?post=4"}],"version-history":[{"count":1,"href":"https:\/\/eskorter.no\/nakne-damer\/wp-json\/wp\/v2\/pages\/4\/revisions"}],"predecessor-version":[{"id":119060,"href":"https:\/\/eskorter.no\/nakne-damer\/wp-json\/wp\/v2\/pages\/4\/revisions\/119060"}],"wp:attachment":[{"href":"https:\/\/eskorter.no\/nakne-damer\/wp-json\/wp\/v2\/media?parent=4"}],"curies":[{"name":"wp","href":"https:\/\/api.w.org\/{rel}","templated":true}]}}